{"id":667,"date":"2020-01-28T09:44:25","date_gmt":"2020-01-28T09:44:25","guid":{"rendered":"http:\/\/peakshops.fuelthemes.net\/?page_id=11"},"modified":"2025-04-23T12:20:38","modified_gmt":"2025-04-23T10:20:38","slug":"home","status":"publish","type":"page","link":"https:\/\/shop.corner.ws\/en\/home\/","title":{"rendered":"Il locale"},"content":{"rendered":"<div class=\"wpb-content-wrapper\"><div data-vc-full-width=\"true\" data-vc-full-width-temp=\"true\" data-vc-full-width-init=\"false\" data-vc-stretch-content=\"true\" class=\"vc_row wpb_row vc_row-fluid vc_row-o-equal-height vc_row-o-content-middle vc_row-flex\"><div class=\"wpb_column vc_column_container vc_col-sm-6 vc_hidden-xs\"><div class=\"vc_column-inner vc_custom_1610097890358\"><div class=\"wpb_wrapper\"><div class=\"vc_empty_space\"   style=\"height: 80px\"><span class=\"vc_empty_space_inner\"><\/span><\/div>\n\t<div class=\"wpb_text_column wpb_content_element wpb_animate_when_almost_visible wpb_bounceInLeft bounceInLeft\" >\n\t\t<div class=\"wpb_wrapper\">\n\t\t\t<h2 style=\"font-size: 70px; line-height: 65px; font-weight: 500;\">Burger, Tapas e fantastici cocktails<\/h2>\n\n\t\t<\/div>\n\t<\/div>\n\n\t<div class=\"wpb_text_column wpb_content_element wpb_animate_when_almost_visible wpb_fadeInLeft fadeInLeft\" >\n\t\t<div class=\"wpb_wrapper\">\n\t\t\t<p><u>Asporto e Domicilio, tutti i giorni<\/u> dalle 18.00 alle 21.30<\/p>\n\n\t\t<\/div>\n\t<\/div>\n<div class=\"vc_btn3-container  wpb_animate_when_almost_visible wpb_zoomIn zoomIn vc_btn3-inline vc_do_btn\" ><a class=\"vc_general vc_btn3 vc_btn3-size-md vc_btn3-shape-rounded vc_btn3-style-3d vc_btn3-color-mulled-wine\" href=\"https:\/\/shop.corner.ws\/it\/shop\/\" title=\"menu\">Ordina QUI<\/a><\/div><div class=\"vc_empty_space\"   style=\"height: 80px\"><span class=\"vc_empty_space_inner\"><\/span><\/div><\/div><\/div><\/div><div class=\"wpb_animate_when_almost_visible wpb_fadeInRightBig fadeInRightBig wpb_column vc_column_container vc_col-sm-6 vc_hidden-xs vc_col-has-fill\"><div class=\"vc_column-inner vc_custom_1610896777349\"><div class=\"wpb_wrapper\">\n\t<div  class=\"wpb_single_image wpb_content_element vc_align_center wpb_content_element\">\n\t\t\n\t\t<figure class=\"wpb_wrapper vc_figure\">\n\t\t\t<div class=\"vc_single_image-wrapper vc_box_circle  vc_box_border_grey\"><img loading=\"lazy\" decoding=\"async\" width=\"853\" height=\"853\" src=\"https:\/\/shop.corner.ws\/wp-content\/uploads\/2021\/01\/cocktails_with_background.jpg\" class=\"vc_single_image-img attachment-large\" alt=\"\" title=\"cocktails_with_background\" srcset=\"https:\/\/shop.corner.ws\/wp-content\/uploads\/2021\/01\/cocktails_with_background.jpg 853w, https:\/\/shop.corner.ws\/wp-content\/uploads\/2021\/01\/cocktails_with_background-500x500.jpg 500w, https:\/\/shop.corner.ws\/wp-content\/uploads\/2021\/01\/cocktails_with_background-300x300.jpg 300w, https:\/\/shop.corner.ws\/wp-content\/uploads\/2021\/01\/cocktails_with_background-800x800.jpg 800w\" sizes=\"auto, (max-width:767px) 480px, (max-width:853px) 100vw, 853px\" \/><\/div>\n\t\t<\/figure>\n\t<\/div>\n<\/div><\/div><\/div><\/div><div class=\"vc_row-full-width vc_clearfix\"><\/div><div data-vc-full-width=\"true\" data-vc-full-width-temp=\"true\" data-vc-full-width-init=\"false\" data-vc-stretch-content=\"true\" class=\"vc_row wpb_row vc_row-fluid vc_row-o-equal-height vc_row-o-content-middle vc_row-flex\"><div class=\"wpb_column vc_column_container vc_col-sm-6 vc_hidden-lg vc_hidden-md vc_hidden-sm\"><div class=\"vc_column-inner\"><div class=\"wpb_wrapper\"><div class=\"vc_empty_space\"   style=\"height: 80px\"><span class=\"vc_empty_space_inner\"><\/span><\/div>\n\t<div class=\"wpb_text_column wpb_content_element wpb_animate_when_almost_visible wpb_bounceInLeft bounceInLeft\" >\n\t\t<div class=\"wpb_wrapper\">\n\t\t\t<h2 style=\"font-size: 70px; line-height: 65px; font-weight: 500;\">Burger, Tapas e fantastici cocktails<\/h2>\n\n\t\t<\/div>\n\t<\/div>\n\n\t<div class=\"wpb_text_column wpb_content_element wpb_animate_when_almost_visible wpb_fadeInLeft fadeInLeft\" >\n\t\t<div class=\"wpb_wrapper\">\n\t\t\t<p><u>Asporto e Domicilio, tutti i giorni<\/u> dalle 18.00 alle 21.30<\/p>\n\n\t\t<\/div>\n\t<\/div>\n<div class=\"vc_btn3-container  wpb_animate_when_almost_visible wpb_zoomIn zoomIn vc_btn3-inline vc_do_btn\" ><a class=\"vc_general vc_btn3 vc_btn3-size-md vc_btn3-shape-rounded vc_btn3-style-3d vc_btn3-color-mulled-wine\" href=\"https:\/\/shop.corner.ws\/it\/shop\/\" title=\"menu\">Ordina QUI<\/a><\/div><div class=\"vc_empty_space\"   style=\"height: 80px\"><span class=\"vc_empty_space_inner\"><\/span><\/div><\/div><\/div><\/div><div class=\"wpb_column vc_column_container vc_col-sm-6 vc_hidden-lg vc_hidden-md vc_hidden-sm vc_col-has-fill\"><div class=\"vc_column-inner vc_custom_1610897210677\"><div class=\"wpb_wrapper\">\n\t<div  class=\"wpb_single_image wpb_content_element vc_align_center wpb_content_element\">\n\t\t\n\t\t<figure class=\"wpb_wrapper vc_figure\">\n\t\t\t<div class=\"vc_single_image-wrapper vc_box_circle  vc_box_border_grey\"><img loading=\"lazy\" decoding=\"async\" width=\"853\" height=\"853\" src=\"https:\/\/shop.corner.ws\/wp-content\/uploads\/2021\/01\/cocktails_with_background.jpg\" class=\"vc_single_image-img attachment-large\" alt=\"\" title=\"cocktails_with_background\" srcset=\"https:\/\/shop.corner.ws\/wp-content\/uploads\/2021\/01\/cocktails_with_background.jpg 853w, https:\/\/shop.corner.ws\/wp-content\/uploads\/2021\/01\/cocktails_with_background-500x500.jpg 500w, https:\/\/shop.corner.ws\/wp-content\/uploads\/2021\/01\/cocktails_with_background-300x300.jpg 300w, https:\/\/shop.corner.ws\/wp-content\/uploads\/2021\/01\/cocktails_with_background-800x800.jpg 800w\" sizes=\"auto, (max-width:767px) 480px, (max-width:853px) 100vw, 853px\" \/><\/div>\n\t\t<\/figure>\n\t<\/div>\n<\/div><\/div><\/div><\/div><div class=\"vc_row-full-width vc_clearfix\"><\/div><div class=\"vc_row wpb_row vc_row-fluid vc_row-o-equal-height vc_row-o-content-middle vc_row-flex\"><div class=\"wpb_column vc_column_container vc_col-sm-6\"><div class=\"vc_column-inner\"><div class=\"wpb_wrapper\"><div class=\"vc_empty_space\"   style=\"height: 32px\"><span class=\"vc_empty_space_inner\"><\/span><\/div>\n\t<div class=\"wpb_text_column wpb_content_element\" >\n\t\t<div class=\"wpb_wrapper\">\n\t\t\t<h2>Benvenuti nel pi\u00f9 accogliente cocktail bar ristorante di Pordenone!<\/h2>\n\n\t\t<\/div>\n\t<\/div>\n\n\t<div  class=\"wpb_single_image wpb_content_element vc_align_center wpb_content_element\">\n\t\t\n\t\t<figure class=\"wpb_wrapper vc_figure\">\n\t\t\t<div class=\"vc_single_image-wrapper vc_box_circle  vc_box_border_grey\"><img loading=\"lazy\" decoding=\"async\" width=\"960\" height=\"960\" src=\"https:\/\/shop.corner.ws\/wp-content\/uploads\/2021\/01\/burger_octo_square.jpg\" class=\"vc_single_image-img attachment-large\" alt=\"\" title=\"burger_octo_square\" srcset=\"https:\/\/shop.corner.ws\/wp-content\/uploads\/2021\/01\/burger_octo_square.jpg 960w, https:\/\/shop.corner.ws\/wp-content\/uploads\/2021\/01\/burger_octo_square-500x500.jpg 500w, https:\/\/shop.corner.ws\/wp-content\/uploads\/2021\/01\/burger_octo_square-300x300.jpg 300w, https:\/\/shop.corner.ws\/wp-content\/uploads\/2021\/01\/burger_octo_square-800x800.jpg 800w\" sizes=\"auto, (max-width:767px) 480px, (max-width:960px) 100vw, 960px\" \/><\/div>\n\t\t<\/figure>\n\t<\/div>\n<\/div><\/div><\/div><div class=\"wpb_column vc_column_container vc_col-sm-6\"><div class=\"vc_column-inner\"><div class=\"wpb_wrapper\">\n\t<div class=\"wpb_text_column wpb_content_element\" >\n\t\t<div class=\"wpb_wrapper\">\n\t\t\t<p>Creato nel 2012 con l&#8217;obiettivo di mettere insieme\u00a0 buon cibo e ottimi cocktails \u00e8 situato in una posizione comoda nel cuore della citt\u00e0, ma appena fuori dalla rumorosa zona dello shopping. Corner Cocktail &amp; Restaurant \u00e8 un cocktail bar moderno e trendy con un po&#8217; di sapore europeo, che si distingue dalla folla e offre esperienze indimenticabili di cibo e drinks per i suoi ospiti &#8211; sia nell&#8217;ambiente caldo e intimo della sala interna, sia nell&#8217;atmosfera verde e vivace della terrazza esterna.<\/p>\n\n\t\t<\/div>\n\t<\/div>\n<\/div><\/div><\/div><\/div><div data-vc-full-width=\"true\" data-vc-full-width-temp=\"true\" data-vc-full-width-init=\"false\" class=\"vc_row wpb_row vc_row-fluid vc_custom_1606748808592 vc_row-has-fill\"><div class=\"wpb_column vc_column_container vc_col-sm-12\"><div class=\"vc_column-inner\"><div class=\"wpb_wrapper\"><div class=\"vc_empty_space\"   style=\"height: 50px\"><span class=\"vc_empty_space_inner\"><\/span><\/div><div class=\"vc_row wpb_row vc_inner vc_row-fluid vc_row-o-equal-height vc_row-o-content-middle vc_row-flex\"><div class=\"wpb_column vc_column_container vc_col-sm-3\"><div class=\"vc_column-inner\"><div class=\"wpb_wrapper\">\n\t<div class=\"wpb_text_column wpb_content_element\" >\n\t\t<div class=\"wpb_wrapper\">\n\t\t\t<h3>Dal lavoro al tempo libero<\/h3>\n\n\t\t<\/div>\n\t<\/div>\n\n\t<div class=\"wpb_text_column wpb_content_element\" >\n\t\t<div class=\"wpb_wrapper\">\n\t\t\t<p><span style=\"color: #555555;\"> Non importa quale sia l&#8217;occasione, siamo pronti a servire cocktails freschi e proporvi un&#8217; esperienza gastronomica diversa dal comune. <\/span><\/p>\n\n\t\t<\/div>\n\t<\/div>\n<div class=\"vc_separator wpb_content_element vc_separator_align_center vc_sep_width_100 vc_sep_pos_align_center vc_separator_no_text vc_sep_color_grey wpb_content_element  wpb_content_element\" ><span class=\"vc_sep_holder vc_sep_holder_l\"><span class=\"vc_sep_line\"><\/span><\/span><span class=\"vc_sep_holder vc_sep_holder_r\"><span class=\"vc_sep_line\"><\/span><\/span>\n<\/div><div class=\"vc_empty_space\"   style=\"height: 32px\"><span class=\"vc_empty_space_inner\"><\/span><\/div>\n\t<div class=\"wpb_text_column wpb_content_element\" >\n\t\t<div class=\"wpb_wrapper\">\n\t\t\t<h3>Molto spazio all&#8217;aperto<\/h3>\n\n\t\t<\/div>\n\t<\/div>\n\n\t<div class=\"wpb_text_column wpb_content_element\" >\n\t\t<div class=\"wpb_wrapper\">\n\t\t\t<p><span style=\"color: #555555;\">Trovate il vostro spazio preferito nella terrazza coperta all&#8217;aperto o in un posto tranquillo e intimo nella sala interna, dove i piccoli dettagli sono studiati per fare la differenza.<\/span><\/p>\n\n\t\t<\/div>\n\t<\/div>\n<\/div><\/div><\/div><div class=\"wpb_column vc_column_container vc_col-sm-6\"><div class=\"vc_column-inner\"><div class=\"wpb_wrapper\">\n\t<div  class=\"wpb_single_image wpb_content_element vc_align_center wpb_content_element\">\n\t\t\n\t\t<figure class=\"wpb_wrapper vc_figure\">\n\t\t\t<div class=\"vc_single_image-wrapper   vc_box_border_grey\"><img loading=\"lazy\" decoding=\"async\" width=\"512\" height=\"512\" src=\"https:\/\/shop.corner.ws\/wp-content\/uploads\/2020\/10\/cropped-Corner-Logo.png\" class=\"vc_single_image-img attachment-large\" alt=\"\" title=\"cropped-Corner-Logo.png\" srcset=\"https:\/\/shop.corner.ws\/wp-content\/uploads\/2020\/10\/cropped-Corner-Logo.png 512w, https:\/\/shop.corner.ws\/wp-content\/uploads\/2020\/10\/cropped-Corner-Logo-300x300.png 300w, https:\/\/shop.corner.ws\/wp-content\/uploads\/2020\/10\/cropped-Corner-Logo-150x150.png 150w, https:\/\/shop.corner.ws\/wp-content\/uploads\/2020\/10\/cropped-Corner-Logo-180x180.png 180w, https:\/\/shop.corner.ws\/wp-content\/uploads\/2020\/10\/cropped-Corner-Logo-20x20.png 20w, https:\/\/shop.corner.ws\/wp-content\/uploads\/2020\/10\/cropped-Corner-Logo-290x290.png 290w, https:\/\/shop.corner.ws\/wp-content\/uploads\/2020\/10\/cropped-Corner-Logo-100x100.png 100w, https:\/\/shop.corner.ws\/wp-content\/uploads\/2020\/10\/cropped-Corner-Logo-270x270.png 270w, https:\/\/shop.corner.ws\/wp-content\/uploads\/2020\/10\/cropped-Corner-Logo-192x192.png 192w, https:\/\/shop.corner.ws\/wp-content\/uploads\/2020\/10\/cropped-Corner-Logo-32x32.png 32w\" sizes=\"auto, (max-width:767px) 480px, 512px\" \/><\/div>\n\t\t<\/figure>\n\t<\/div>\n<\/div><\/div><\/div><div class=\"wpb_column vc_column_container vc_col-sm-3\"><div class=\"vc_column-inner\"><div class=\"wpb_wrapper\">\n\t<div class=\"wpb_text_column wpb_content_element\" >\n\t\t<div class=\"wpb_wrapper\">\n\t\t\t<h3 style=\"text-align: right;\">Amiamo il buon cibo<\/h3>\n\n\t\t<\/div>\n\t<\/div>\n\n\t<div class=\"wpb_text_column wpb_content_element\" >\n\t\t<div class=\"wpb_wrapper\">\n\t\t\t<p style=\"text-align: right;\"><span style=\"color: #555555;\">Immergetevi in un&#8217;esperienza culinaria sorprendentemente creativa<br \/>\nPreparatevi a un assalto ai sensi grazie a un&#8217;esperienza di burgers e tapas autentica. Ricette innovative e gustose preparate con prodotti genuini.<\/span><\/p>\n\n\t\t<\/div>\n\t<\/div>\n<div class=\"vc_separator wpb_content_element vc_separator_align_center vc_sep_width_100 vc_sep_pos_align_center vc_separator_no_text vc_sep_color_grey wpb_content_element  wpb_content_element\" ><span class=\"vc_sep_holder vc_sep_holder_l\"><span class=\"vc_sep_line\"><\/span><\/span><span class=\"vc_sep_holder vc_sep_holder_r\"><span class=\"vc_sep_line\"><\/span><\/span>\n<\/div><div class=\"vc_empty_space\"   style=\"height: 32px\"><span class=\"vc_empty_space_inner\"><\/span><\/div>\n\t<div class=\"wpb_text_column wpb_content_element\" >\n\t\t<div class=\"wpb_wrapper\">\n\t\t\t<h3 style=\"text-align: right;\">Bevi e rilassati<\/h3>\n\n\t\t<\/div>\n\t<\/div>\n\n\t<div class=\"wpb_text_column wpb_content_element\" >\n\t\t<div class=\"wpb_wrapper\">\n\t\t\t<p style=\"text-align: right;\"><span style=\"color: #555555;\">E ci piace anche mettervi a vostro agio. Quindi, rilassatevi, godetevi l&#8217;atmosfera luminosa, calda, esclusiva e amichevole di Corner &#8211; e concedetevi il piacere di gustare cocktails esclusivi.<\/span><\/p>\n\n\t\t<\/div>\n\t<\/div>\n<\/div><\/div><\/div><\/div><div class=\"vc_empty_space\"   style=\"height: 50px\"><span class=\"vc_empty_space_inner\"><\/span><\/div><\/div><\/div><\/div><\/div><div class=\"vc_row-full-width vc_clearfix\"><\/div><div class=\"vc_row wpb_row vc_row-fluid\"><div class=\"wpb_column vc_column_container vc_col-sm-6\"><div class=\"vc_column-inner\"><div class=\"wpb_wrapper\">\n\t<div class=\"wpb_text_column wpb_content_element\" >\n\t\t<div class=\"wpb_wrapper\">\n\t\t\t<p>Indirizzo:<\/p>\n<p><a href=\"https:\/\/g.page\/CornerPordenone\">Via Brusafiera, 6<\/a><br \/>\n<a href=\"https:\/\/g.page\/CornerPordenone\">33170, Pordenone, Italy<\/a><\/p>\n<p>Telefono:<br \/>\n<a href=\"tel:+3904341697436\">+39\u00a00434 16 97 436<\/a><\/p>\n<p>CORNER S.R.L.<br \/>\n<a href=\"https:\/\/g.page\/CornerPordenone\">P.IVA 01854770938<\/a><\/p>\n\n\t\t<\/div>\n\t<\/div>\n<\/div><\/div><\/div><div class=\"wpb_column vc_column_container vc_col-sm-6\"><div class=\"vc_column-inner\"><div class=\"wpb_wrapper\"><div class=\"wpb_gmaps_widget wpb_content_element\"><div class=\"wpb_wrapper\"><div class=\"wpb_map_wraper\"><iframe loading=\"lazy\" src=\"https:\/\/www.google.com\/maps\/embed?pb=!1m18!1m12!1m3!1d44394.66503137588!2d12.626923815767059!3d45.93796366765357!2m3!1f0!2f0!3f0!3m2!1i1024!2i768!4f13.1!3m3!1m2!1s0x477964b11a685b13%3A0x974cad35f8e4de30!2sCorner!5e0!3m2!1sen!2sit!4v1610040490404!5m2!1sen!2sit\" width=\"600\" height=\"450\" frameborder=\"0\" style=\"border:0;\" allowfullscreen=\"\" aria-hidden=\"false\" tabindex=\"0\"><\/iframe><\/div><\/div><\/div><\/div><\/div><\/div><\/div>\n<\/div>","protected":false},"excerpt":{"rendered":"Burger, Tapas e fantastici cocktails Asporto e Domicilio, tutti i giorni dalle 18.00 alle 21.30 Ordina QUI Burger, Tapas e fantastici cocktails Asporto e Domicilio, tutti<span class=\"excerpt-hellip\"> [\u2026]<\/span>","protected":false},"author":9,"featured_media":0,"parent":0,"menu_order":0,"comment_status":"closed","ping_status":"closed","template":"","meta":{"_acf_changed":false,"footnotes":""},"class_list":["post-667","page","type-page","status-publish","hentry"],"acf":[],"jetpack_sharing_enabled":true,"_links":{"self":[{"href":"https:\/\/shop.corner.ws\/en\/wp-json\/wp\/v2\/pages\/667","targetHints":{"allow":["GET"]}}],"collection":[{"href":"https:\/\/shop.corner.ws\/en\/wp-json\/wp\/v2\/pages"}],"about":[{"href":"https:\/\/shop.corner.ws\/en\/wp-json\/wp\/v2\/types\/page"}],"author":[{"embeddable":true,"href":"https:\/\/shop.corner.ws\/en\/wp-json\/wp\/v2\/users\/9"}],"replies":[{"embeddable":true,"href":"https:\/\/shop.corner.ws\/en\/wp-json\/wp\/v2\/comments?post=667"}],"version-history":[{"count":177,"href":"https:\/\/shop.corner.ws\/en\/wp-json\/wp\/v2\/pages\/667\/revisions"}],"predecessor-version":[{"id":4235,"href":"https:\/\/shop.corner.ws\/en\/wp-json\/wp\/v2\/pages\/667\/revisions\/4235"}],"wp:attachment":[{"href":"https:\/\/shop.corner.ws\/en\/wp-json\/wp\/v2\/media?parent=667"}],"curies":[{"name":"wp","href":"https:\/\/api.w.org\/{rel}","templated":true}]}}